{"id":4528,"date":"2012-09-17T17:40:16","date_gmt":"2012-09-17T15:40:16","guid":{"rendered":"http:\/\/www.lab25.ch\/?page_id=4528"},"modified":"2012-09-25T10:37:08","modified_gmt":"2012-09-25T08:37:08","slug":"disclaimer","status":"publish","type":"page","link":"https:\/\/www.lab25.ch\/?page_id=4528","title":{"rendered":"Disclaimer:"},"content":{"rendered":"<p><strong>Anwendbarkeit:<\/strong><br \/>\nDer Benutzer nimmt Kenntnis davon, dass die auf dieser Webseite wiedergegebenen Informationen nur f\u00fcr den Rechtsraum der Schweiz gelten. Eine Anwendbarkeit f\u00fcr andere L\u00e4nder ist weder beabsichtigt noch garantiert.<\/p>\n<p><strong>Haftungsausschluss f\u00fcr fehlerhafte Informationen:<\/strong><br \/>\nDer Anbieter \u00fcbernimmt keinerlei Gew\u00e4hr f\u00fcr die Richtigkeit, Vollst\u00e4ndigkeit und Aktualit\u00e4t der angebotenen Informationen. Insbesondere k\u00f6nnen die Informationen eine pers\u00f6nliche Kontaktaufnahme nicht ersetzen.<\/p>\n<p><strong>Haftungsausschluss f\u00fcr verlinkte Seiten:<\/strong><br \/>\nEs ist m\u00f6glich, von dieser Website zu anderen Internet-Seiten zu gelangen, die nicht vom Anbieter unterhalten werden. Der Anbieter dieser Website ist weder f\u00fcr den Inhalt dieser Seiten verantwortlich, noch billigt, unterst\u00fctzt oder best\u00e4tigt er alle Inhalte, die auf externen Seiten oder in darin aufgef\u00fchrten gelinkten Adressen enthalten sind.<\/p>\n<p><strong>Haftungsausschluss f\u00fcr technische M\u00e4ngel:<\/strong><br \/>\nDer Anbieter haftet in keinem Fall f\u00fcr allf\u00e4llige direkte oder indirekte Sch\u00e4den, die aufgrund des Gebrauchs, der Verwendung von Informationen aus dieser Webseite oder durch den Zugriff \u00fcber Links auf andere Webseiten entstehen. Der Anbieter \u00fcbernimmt keine Gew\u00e4hr, dass Informationen, Software, Dokumente oder andere Angaben, welche \u00fcber eine dieser Webseiten zug\u00e4nglich sind, frei von Viren oder anderen sch\u00e4dlichen Komponenten sind.<\/p>\n<p><strong>\u00c4nderungen:<\/strong><br \/>\nDer Anbieter beh\u00e4lt sich vor, den Inhalt der Webseite und dieser Bestimmungen jederzeit zu \u00e4ndern. Der Nutzer ist deshalb gehalten, diese Bestimmungen bei jedem seiner Besuche zu lesen.<\/p>\n","protected":false},"excerpt":{"rendered":"<p>Anwendbarkeit: Der Benutzer nimmt Kenntnis davon, dass die auf dieser Webseite wiedergegebenen Informationen nur f\u00fcr den Rechtsraum der Schweiz gelten. Eine Anwendbarkeit f\u00fcr andere L\u00e4nder ist weder beabsichtigt noch garantiert. Haftungsausschluss f\u00fcr fehlerhafte Informationen: Der Anbieter \u00fcbernimmt keinerlei Gew\u00e4hr f\u00fcr die Richtigkeit, Vollst\u00e4ndigkeit und Aktualit\u00e4t der angebotenen Informationen. Insbesondere k\u00f6nnen die Informationen eine pers\u00f6nliche Kontaktaufnahme [&hellip;]<\/p>\n","protected":false},"author":20,"featured_media":0,"parent":0,"menu_order":0,"comment_status":"closed","ping_status":"closed","template":"","meta":{"ngg_post_thumbnail":0,"footnotes":""},"class_list":["post-4528","page","type-page","status-publish","hentry"],"_links":{"self":[{"href":"https:\/\/www.lab25.ch\/index.php?rest_route=\/wp\/v2\/pages\/4528","targetHints":{"allow":["GET"]}}],"collection":[{"href":"https:\/\/www.lab25.ch\/index.php?rest_route=\/wp\/v2\/pages"}],"about":[{"href":"https:\/\/www.lab25.ch\/index.php?rest_route=\/wp\/v2\/types\/page"}],"author":[{"embeddable":true,"href":"https:\/\/www.lab25.ch\/index.php?rest_route=\/wp\/v2\/users\/20"}],"replies":[{"embeddable":true,"href":"https:\/\/www.lab25.ch\/index.php?rest_route=%2Fwp%2Fv2%2Fcomments&post=4528"}],"version-history":[{"count":5,"href":"https:\/\/www.lab25.ch\/index.php?rest_route=\/wp\/v2\/pages\/4528\/revisions"}],"predecessor-version":[{"id":5034,"href":"https:\/\/www.lab25.ch\/index.php?rest_route=\/wp\/v2\/pages\/4528\/revisions\/5034"}],"wp:attachment":[{"href":"https:\/\/www.lab25.ch\/index.php?rest_route=%2Fwp%2Fv2%2Fmedia&parent=4528"}],"curies":[{"name":"wp","href":"https:\/\/api.w.org\/{rel}","templated":true}]}}