{"id":4533,"date":"2012-09-17T17:57:52","date_gmt":"2012-09-17T15:57:52","guid":{"rendered":"http:\/\/www.lab25.ch\/?page_id=4533"},"modified":"2012-09-25T10:34:33","modified_gmt":"2012-09-25T08:34:33","slug":"copyright","status":"publish","type":"page","link":"https:\/\/www.lab25.ch\/?page_id=4533","title":{"rendered":"Copyright:"},"content":{"rendered":"<p>Alle Inhalte dieser Website einschlie\u00dflich der Artikel, Grafiken, allen Fotos, Logos, PDFs und anderer Dateien, sind Eigentum von Gargiulo &amp; Wepfer, Lab25 oder einer dritten Seite und durch schweizer und internationales Urheberrecht, Warenzeichen-Bestimmungen und andere Gesetze \u00fcber geistiges Eigentum gesch\u00fctzt. Die Rechte der Werke der auf der Webseite aufgef\u00fchrten \u00abContributors\u00bb liegen bei den jeweiligen Urhebern. Lab25 publiziert diese Werke mit dem Einverst\u00e4ndnis der Urheberinnen und Urheber.<\/p>\n<p>Alle Inhalte dieser Website einschlie\u00dflich der Artikel, Grafiken, allen Fotos, Logos, PDFs und anderer Dateien, d\u00fcrfen weder auf einer anderen Website verwendet werden noch in einer Ver\u00f6ffentlichung, noch in einer \u00f6ffentlichen Vorf\u00fchrung.<\/p>\n<p>Alle Inhalte dieser Website einschlie\u00dflich der Artikel, Grafiken, allen Fotos, Logos, PDFs und anderer Dateien, d\u00fcrfen weder auf einer anderen Website verwendet werden noch in einer Ver\u00f6ffentlichung, noch in einer \u00f6ffentlichen Vorf\u00fchrung. Auf keinen Fall in irgendeiner Weise, welche die LeserInnen verwirren w\u00fcrde, in irgendeiner Weise jemanden herabw\u00fcrdigen oder in Verruf bringen w\u00fcrde, oder in irgendeiner Weise, die sonstwie zu kommerziellen Zwecken nutzbar w\u00e4re oder geistiges Eigentumsrecht auf andere Weise verletzen w\u00fcrde.<\/p>\n<p>Alle Rechte vorbehalten, alle Angaben ohne Gew\u00e4hr, \u00c4nderungen vorbehalten.<\/p>\n","protected":false},"excerpt":{"rendered":"<p>Alle Inhalte dieser Website einschlie\u00dflich der Artikel, Grafiken, allen Fotos, Logos, PDFs und anderer Dateien, sind Eigentum von Gargiulo &amp; Wepfer, Lab25 oder einer dritten Seite und durch schweizer und internationales Urheberrecht, Warenzeichen-Bestimmungen und andere Gesetze \u00fcber geistiges Eigentum gesch\u00fctzt. Die Rechte der Werke der auf der Webseite aufgef\u00fchrten \u00abContributors\u00bb liegen bei den jeweiligen Urhebern. [&hellip;]<\/p>\n","protected":false},"author":20,"featured_media":0,"parent":0,"menu_order":0,"comment_status":"closed","ping_status":"closed","template":"","meta":{"ngg_post_thumbnail":0,"footnotes":""},"class_list":["post-4533","page","type-page","status-publish","hentry"],"_links":{"self":[{"href":"https:\/\/www.lab25.ch\/index.php?rest_route=\/wp\/v2\/pages\/4533","targetHints":{"allow":["GET"]}}],"collection":[{"href":"https:\/\/www.lab25.ch\/index.php?rest_route=\/wp\/v2\/pages"}],"about":[{"href":"https:\/\/www.lab25.ch\/index.php?rest_route=\/wp\/v2\/types\/page"}],"author":[{"embeddable":true,"href":"https:\/\/www.lab25.ch\/index.php?rest_route=\/wp\/v2\/users\/20"}],"replies":[{"embeddable":true,"href":"https:\/\/www.lab25.ch\/index.php?rest_route=%2Fwp%2Fv2%2Fcomments&post=4533"}],"version-history":[{"count":7,"href":"https:\/\/www.lab25.ch\/index.php?rest_route=\/wp\/v2\/pages\/4533\/revisions"}],"predecessor-version":[{"id":4535,"href":"https:\/\/www.lab25.ch\/index.php?rest_route=\/wp\/v2\/pages\/4533\/revisions\/4535"}],"wp:attachment":[{"href":"https:\/\/www.lab25.ch\/index.php?rest_route=%2Fwp%2Fv2%2Fmedia&parent=4533"}],"curies":[{"name":"wp","href":"https:\/\/api.w.org\/{rel}","templated":true}]}}